{"id":33,"date":"2025-02-21T10:49:16","date_gmt":"2025-02-21T09:49:16","guid":{"rendered":"https:\/\/www.xn--praxis-mhlweg-3ob.at\/?page_id=33"},"modified":"2025-12-10T12:57:49","modified_gmt":"2025-12-10T11:57:49","slug":"praxis","status":"publish","type":"page","link":"https:\/\/www.xn--praxis-mhlweg-3ob.at\/index.php\/praxis\/","title":{"rendered":"Praxis"},"content":{"rendered":"\n<figure class=\"wp-block-gallery has-nested-images columns-2 is-cropped wp-block-gallery-1 is-layout-flex wp-block-gallery-is-layout-flex\" style=\"border-top-left-radius:10px;border-top-right-radius:10px;border-bottom-left-radius:10px;border-bottom-right-radius:10px\">\n<figure data-wp-context=\"{&quot;imageId&quot;:&quot;69ed23b2b483c&quot;}\" data-wp-interactive=\"core\/image\" data-wp-key=\"69ed23b2b483c\" class=\"wp-block-image size-large has-custom-border wp-lightbox-container\"><img loading=\"lazy\" decoding=\"async\" width=\"1024\" height=\"684\" data-wp-class--hide=\"state.isContentHidden\" data-wp-class--show=\"state.isContentVisible\" data-wp-init=\"callbacks.setButtonStyles\" data-wp-on--click=\"actions.showLightbox\" data-wp-on--load=\"callbacks.setButtonStyles\" data-wp-on-window--resize=\"callbacks.setButtonStyles\" data-id=\"166\" src=\"https:\/\/www.xn--praxis-mhlweg-3ob.at\/wp-content\/uploads\/2025\/12\/c-Flora-Hoser-1006-1024x684.jpg\" alt=\"\" class=\"wp-image-166\" style=\"border-top-left-radius:10px;border-top-right-radius:10px;border-bottom-left-radius:10px;border-bottom-right-radius:10px\" srcset=\"https:\/\/www.xn--praxis-mhlweg-3ob.at\/wp-content\/uploads\/2025\/12\/c-Flora-Hoser-1006-1024x684.jpg 1024w, https:\/\/www.xn--praxis-mhlweg-3ob.at\/wp-content\/uploads\/2025\/12\/c-Flora-Hoser-1006-300x200.jpg 300w, https:\/\/www.xn--praxis-mhlweg-3ob.at\/wp-content\/uploads\/2025\/12\/c-Flora-Hoser-1006-768x513.jpg 768w, https:\/\/www.xn--praxis-mhlweg-3ob.at\/wp-content\/uploads\/2025\/12\/c-Flora-Hoser-1006-1536x1026.jpg 1536w, https:\/\/www.xn--praxis-mhlweg-3ob.at\/wp-content\/uploads\/2025\/12\/c-Flora-Hoser-1006-2048x1368.jpg 2048w\" sizes=\"auto, (max-width: 1024px) 100vw, 1024px\" \/><button\n\t\t\tclass=\"lightbox-trigger\"\n\t\t\ttype=\"button\"\n\t\t\taria-haspopup=\"dialog\"\n\t\t\taria-label=\"Vergr\u00f6\u00dfern\"\n\t\t\tdata-wp-init=\"callbacks.initTriggerButton\"\n\t\t\tdata-wp-on--click=\"actions.showLightbox\"\n\t\t\tdata-wp-style--right=\"state.imageButtonRight\"\n\t\t\tdata-wp-style--top=\"state.imageButtonTop\"\n\t\t>\n\t\t\t<svg xmlns=\"http:\/\/www.w3.org\/2000\/svg\" width=\"12\" height=\"12\" fill=\"none\" viewBox=\"0 0 12 12\">\n\t\t\t\t<path fill=\"#fff\" d=\"M2 0a2 2 0 0 0-2 2v2h1.5V2a.5.5 0 0 1 .5-.5h2V0H2Zm2 10.5H2a.5.5 0 0 1-.5-.5V8H0v2a2 2 0 0 0 2 2h2v-1.5ZM8 12v-1.5h2a.5.5 0 0 0 .5-.5V8H12v2a2 2 0 0 1-2 2H8Zm2-12a2 2 0 0 1 2 2v2h-1.5V2a.5.5 0 0 0-.5-.5H8V0h2Z\" \/>\n\t\t\t<\/svg>\n\t\t<\/button><\/figure>\n\n\n\n<figure data-wp-context=\"{&quot;imageId&quot;:&quot;69ed23b2b4ef7&quot;}\" data-wp-interactive=\"core\/image\" data-wp-key=\"69ed23b2b4ef7\" class=\"wp-block-image size-large has-custom-border wp-lightbox-container\"><img loading=\"lazy\" decoding=\"async\" width=\"1024\" height=\"684\" data-wp-class--hide=\"state.isContentHidden\" data-wp-class--show=\"state.isContentVisible\" data-wp-init=\"callbacks.setButtonStyles\" data-wp-on--click=\"actions.showLightbox\" data-wp-on--load=\"callbacks.setButtonStyles\" data-wp-on-window--resize=\"callbacks.setButtonStyles\" data-id=\"169\" src=\"https:\/\/www.xn--praxis-mhlweg-3ob.at\/wp-content\/uploads\/2025\/12\/c-Flora-Hoser-0999-1024x684.jpg\" alt=\"\" class=\"wp-image-169\" style=\"border-top-left-radius:10px;border-top-right-radius:10px;border-bottom-left-radius:10px;border-bottom-right-radius:10px\" srcset=\"https:\/\/www.xn--praxis-mhlweg-3ob.at\/wp-content\/uploads\/2025\/12\/c-Flora-Hoser-0999-1024x684.jpg 1024w, https:\/\/www.xn--praxis-mhlweg-3ob.at\/wp-content\/uploads\/2025\/12\/c-Flora-Hoser-0999-300x200.jpg 300w, https:\/\/www.xn--praxis-mhlweg-3ob.at\/wp-content\/uploads\/2025\/12\/c-Flora-Hoser-0999-768x513.jpg 768w, https:\/\/www.xn--praxis-mhlweg-3ob.at\/wp-content\/uploads\/2025\/12\/c-Flora-Hoser-0999-1536x1025.jpg 1536w, https:\/\/www.xn--praxis-mhlweg-3ob.at\/wp-content\/uploads\/2025\/12\/c-Flora-Hoser-0999.jpg 2048w\" sizes=\"auto, (max-width: 1024px) 100vw, 1024px\" \/><button\n\t\t\tclass=\"lightbox-trigger\"\n\t\t\ttype=\"button\"\n\t\t\taria-haspopup=\"dialog\"\n\t\t\taria-label=\"Vergr\u00f6\u00dfern\"\n\t\t\tdata-wp-init=\"callbacks.initTriggerButton\"\n\t\t\tdata-wp-on--click=\"actions.showLightbox\"\n\t\t\tdata-wp-style--right=\"state.imageButtonRight\"\n\t\t\tdata-wp-style--top=\"state.imageButtonTop\"\n\t\t>\n\t\t\t<svg xmlns=\"http:\/\/www.w3.org\/2000\/svg\" width=\"12\" height=\"12\" fill=\"none\" viewBox=\"0 0 12 12\">\n\t\t\t\t<path fill=\"#fff\" d=\"M2 0a2 2 0 0 0-2 2v2h1.5V2a.5.5 0 0 1 .5-.5h2V0H2Zm2 10.5H2a.5.5 0 0 1-.5-.5V8H0v2a2 2 0 0 0 2 2h2v-1.5ZM8 12v-1.5h2a.5.5 0 0 0 .5-.5V8H12v2a2 2 0 0 1-2 2H8Zm2-12a2 2 0 0 1 2 2v2h-1.5V2a.5.5 0 0 0-.5-.5H8V0h2Z\" \/>\n\t\t\t<\/svg>\n\t\t<\/button><\/figure>\n\n\n\n<figure data-wp-context=\"{&quot;imageId&quot;:&quot;69ed23b2b5462&quot;}\" data-wp-interactive=\"core\/image\" data-wp-key=\"69ed23b2b5462\" class=\"wp-block-image size-large has-custom-border wp-lightbox-container\"><img loading=\"lazy\" decoding=\"async\" width=\"1024\" height=\"684\" data-wp-class--hide=\"state.isContentHidden\" data-wp-class--show=\"state.isContentVisible\" data-wp-init=\"callbacks.setButtonStyles\" data-wp-on--click=\"actions.showLightbox\" data-wp-on--load=\"callbacks.setButtonStyles\" data-wp-on-window--resize=\"callbacks.setButtonStyles\" data-id=\"170\" src=\"https:\/\/www.xn--praxis-mhlweg-3ob.at\/wp-content\/uploads\/2025\/12\/c-Flora-Hoser-0972-1024x684.jpg\" alt=\"\" class=\"wp-image-170\" style=\"border-top-left-radius:10px;border-top-right-radius:10px;border-bottom-left-radius:10px;border-bottom-right-radius:10px\" srcset=\"https:\/\/www.xn--praxis-mhlweg-3ob.at\/wp-content\/uploads\/2025\/12\/c-Flora-Hoser-0972-1024x684.jpg 1024w, https:\/\/www.xn--praxis-mhlweg-3ob.at\/wp-content\/uploads\/2025\/12\/c-Flora-Hoser-0972-300x200.jpg 300w, https:\/\/www.xn--praxis-mhlweg-3ob.at\/wp-content\/uploads\/2025\/12\/c-Flora-Hoser-0972-768x513.jpg 768w, https:\/\/www.xn--praxis-mhlweg-3ob.at\/wp-content\/uploads\/2025\/12\/c-Flora-Hoser-0972-1536x1026.jpg 1536w, https:\/\/www.xn--praxis-mhlweg-3ob.at\/wp-content\/uploads\/2025\/12\/c-Flora-Hoser-0972-2048x1368.jpg 2048w\" sizes=\"auto, (max-width: 1024px) 100vw, 1024px\" \/><button\n\t\t\tclass=\"lightbox-trigger\"\n\t\t\ttype=\"button\"\n\t\t\taria-haspopup=\"dialog\"\n\t\t\taria-label=\"Vergr\u00f6\u00dfern\"\n\t\t\tdata-wp-init=\"callbacks.initTriggerButton\"\n\t\t\tdata-wp-on--click=\"actions.showLightbox\"\n\t\t\tdata-wp-style--right=\"state.imageButtonRight\"\n\t\t\tdata-wp-style--top=\"state.imageButtonTop\"\n\t\t>\n\t\t\t<svg xmlns=\"http:\/\/www.w3.org\/2000\/svg\" width=\"12\" height=\"12\" fill=\"none\" viewBox=\"0 0 12 12\">\n\t\t\t\t<path fill=\"#fff\" d=\"M2 0a2 2 0 0 0-2 2v2h1.5V2a.5.5 0 0 1 .5-.5h2V0H2Zm2 10.5H2a.5.5 0 0 1-.5-.5V8H0v2a2 2 0 0 0 2 2h2v-1.5ZM8 12v-1.5h2a.5.5 0 0 0 .5-.5V8H12v2a2 2 0 0 1-2 2H8Zm2-12a2 2 0 0 1 2 2v2h-1.5V2a.5.5 0 0 0-.5-.5H8V0h2Z\" \/>\n\t\t\t<\/svg>\n\t\t<\/button><\/figure>\n\n\n\n<figure data-wp-context=\"{&quot;imageId&quot;:&quot;69ed23b2b59e5&quot;}\" data-wp-interactive=\"core\/image\" data-wp-key=\"69ed23b2b59e5\" class=\"wp-block-image size-large has-custom-border wp-lightbox-container\"><img loading=\"lazy\" decoding=\"async\" width=\"1024\" height=\"684\" data-wp-class--hide=\"state.isContentHidden\" data-wp-class--show=\"state.isContentVisible\" data-wp-init=\"callbacks.setButtonStyles\" data-wp-on--click=\"actions.showLightbox\" data-wp-on--load=\"callbacks.setButtonStyles\" data-wp-on-window--resize=\"callbacks.setButtonStyles\" data-id=\"167\" src=\"https:\/\/www.xn--praxis-mhlweg-3ob.at\/wp-content\/uploads\/2025\/12\/c-Flora-Hoser-1048-1024x684.jpg\" alt=\"\" class=\"wp-image-167\" style=\"border-top-left-radius:10px;border-top-right-radius:10px;border-bottom-left-radius:10px;border-bottom-right-radius:10px\" srcset=\"https:\/\/www.xn--praxis-mhlweg-3ob.at\/wp-content\/uploads\/2025\/12\/c-Flora-Hoser-1048-1024x684.jpg 1024w, https:\/\/www.xn--praxis-mhlweg-3ob.at\/wp-content\/uploads\/2025\/12\/c-Flora-Hoser-1048-300x200.jpg 300w, https:\/\/www.xn--praxis-mhlweg-3ob.at\/wp-content\/uploads\/2025\/12\/c-Flora-Hoser-1048-768x513.jpg 768w, https:\/\/www.xn--praxis-mhlweg-3ob.at\/wp-content\/uploads\/2025\/12\/c-Flora-Hoser-1048-1536x1026.jpg 1536w, https:\/\/www.xn--praxis-mhlweg-3ob.at\/wp-content\/uploads\/2025\/12\/c-Flora-Hoser-1048-2048x1367.jpg 2048w\" sizes=\"auto, (max-width: 1024px) 100vw, 1024px\" \/><button\n\t\t\tclass=\"lightbox-trigger\"\n\t\t\ttype=\"button\"\n\t\t\taria-haspopup=\"dialog\"\n\t\t\taria-label=\"Vergr\u00f6\u00dfern\"\n\t\t\tdata-wp-init=\"callbacks.initTriggerButton\"\n\t\t\tdata-wp-on--click=\"actions.showLightbox\"\n\t\t\tdata-wp-style--right=\"state.imageButtonRight\"\n\t\t\tdata-wp-style--top=\"state.imageButtonTop\"\n\t\t>\n\t\t\t<svg xmlns=\"http:\/\/www.w3.org\/2000\/svg\" width=\"12\" height=\"12\" fill=\"none\" viewBox=\"0 0 12 12\">\n\t\t\t\t<path fill=\"#fff\" d=\"M2 0a2 2 0 0 0-2 2v2h1.5V2a.5.5 0 0 1 .5-.5h2V0H2Zm2 10.5H2a.5.5 0 0 1-.5-.5V8H0v2a2 2 0 0 0 2 2h2v-1.5ZM8 12v-1.5h2a.5.5 0 0 0 .5-.5V8H12v2a2 2 0 0 1-2 2H8Zm2-12a2 2 0 0 1 2 2v2h-1.5V2a.5.5 0 0 0-.5-.5H8V0h2Z\" \/>\n\t\t\t<\/svg>\n\t\t<\/button><\/figure>\n<\/figure>\n\n\n\n<p>M\u00fchlweg 13\/6 | 1. Stock<\/p>\n\n\n\n<p>1210 Wien<\/p>\n\n\n<div id=\"wpgmza_map\" class=\"wpgmza_map\" data-settings='{\"id\":\"1\",\"map_title\":\"Meine erste Karte\",\"map_width\":\"100\",\"map_height\":\"400\",\"map_start_lat\":\"48.2915869718652\",\"map_start_lng\":\"16.390141220044868\",\"map_start_location\":\"45.950464398418106,-109.81550500000003\",\"map_start_zoom\":\"15\",\"default_marker\":\"\",\"type\":\"0\",\"alignment\":\"4\",\"directions_enabled\":\"0\",\"styling_enabled\":\"0\",\"styling_json\":\"\",\"active\":\"0\",\"kml\":\"\",\"bicycle\":\"0\",\"traffic\":\"0\",\"dbox\":\"0\",\"dbox_width\":\"\",\"listmarkers\":\"0\",\"listmarkers_advanced\":\"0\",\"filterbycat\":\"0\",\"ugm_enabled\":\"0\",\"ugm_category_enabled\":\"0\",\"fusion\":\"\",\"map_width_type\":\"%\",\"map_height_type\":\"px\",\"mass_marker_support\":\"0\",\"ugm_access\":\"0\",\"order_markers_by\":\"0\",\"order_markers_choice\":\"0\",\"show_user_location\":\"0\",\"default_to\":\"\",\"other_settings\":{\"map_type\":1,\"sl_stroke_color\":\"\",\"sl_fill_color\":\"\",\"sl_stroke_opacity\":\"\",\"sl_fill_opacity\":\"\",\"transport_layer\":false,\"action\":\"wpgmza_save_map\",\"redirect_to\":\"\\\/wp-admin\\\/admin-post.php\",\"map_id\":\"1\",\"http_referer\":\"\\\/wp-admin\\\/admin.php?page=wp-google-maps-menu&amp;amp;action=edit&amp;amp;map_id=1\",\"wpgmza_id\":\"1\",\"wpgmza_start_location\":\"48.2915869718652,16.390141220044868\",\"wpgmza_start_zoom\":\"4\",\"store_locator_enabled\":false,\"store_locator_search_area\":\"radial\",\"wpgmza_store_locator_radius_style\":\"legacy\",\"wpgmza_store_locator_default_radius\":\"10\",\"store_locator_auto_area_max_zoom\":\"\",\"store_locator_distance\":false,\"wpgmza_store_locator_position\":false,\"store_locator_show_distance\":false,\"store_locator_category\":false,\"wpgmza_store_locator_use_their_location\":false,\"wpgmza_store_locator_bounce\":false,\"wpgmza_sl_animation\":null,\"wpgmza_store_locator_hide_before_search\":false,\"store_locator_query_string\":\"\",\"store_locator_location_placeholder\":\"\",\"store_locator_default_address\":\"\",\"store_locator_name_search\":false,\"store_locator_name_string\":\"\",\"store_locator_not_found_message\":\"\",\"wpgmza_map_align\":\"1\",\"jump_to_nearest_marker_on_initialization\":false,\"automatically_pan_to_users_location\":false,\"override_users_location_zoom_level\":false,\"override_users_location_zoom_levels\":\"\",\"show_distance_from_location\":false,\"map_max_zoom\":\"21\",\"map_min_zoom\":\"0\",\"click_open_link\":false,\"fit_maps_bounds_to_markers\":false,\"fit_maps_bounds_to_markers_after_filtering\":false,\"hide_point_of_interest\":false,\"wpgmza_zoom_on_marker_click\":false,\"wpgmza_zoom_on_marker_click_slider\":\"\",\"close_infowindow_on_map_click\":false,\"disable_lightbox_images\":false,\"use_Raw_Jpeg_Coordinates\":false,\"disable_polygon_info_windows\":false,\"enable_marker_ratings\":false,\"enable_marker_labels\":false,\"only_load_markers_within_viewport\":false,\"zoom_level_mobile_override_enabled\":false,\"zoom_level_mobile_override\":\"\",\"iw_primary_color\":\"#000000\",\"iw_accent_color\":\"#000000\",\"iw_text_color\":\"#000000\",\"wpgmza_listmarkers_by\":\"0\",\"wpgmza_marker_listing_position\":false,\"zoom_level_on_marker_listing_override\":false,\"zoom_level_on_marker_listing_click\":\"\",\"marker_listing_disable_zoom\":false,\"datatable_no_result_message\":\"\",\"remove_search_box_datables\":false,\"dataTable_pagination_style\":null,\"datatable_search_string\":\"\",\"datatable_result_start\":\"\",\"datatable_result_of\":\"\",\"datatable_result_to\":\"\",\"datatable_result_total\":\"\",\"datatable_result_show\":\"\",\"datatable_result_entries\":\"\",\"wpgmza_savemap\":\"Save Map \\u00bb\"}}' data-map-id='1' Data-maps-engine='open-layers' data-shortcode-attributes='{\"id\":\"1\"}' style=\"display:block; overflow:auto; width:100%; height:400px; float:left;\"><\/div>\n\n\n<div class=\"wp-block-group is-nowrap is-layout-flex wp-container-core-group-is-layout-6c531013 wp-block-group-is-layout-flex\"><\/div>\n\n\n\n<h3 class=\"wp-block-heading\">\u00d6ffentliche Erreichbarkeit<\/h3>\n\n\n\n<ul class=\"wp-block-list\">\n<li>Stra\u00dfenbahn 26, Haltestelle Ru\u00dfbergstra\u00dfe, Fu\u00dfweg 8 Minuten<\/li>\n\n\n\n<li>S-Bahn S3\/S4, Station Strebersdorf, Fu\u00dfweg 12 Minuten<\/li>\n\n\n\n<li>Bus 32A, Haltestelle Ru\u00dfbergstra\u00dfe, Fu\u00dfweg 8 Minuten<\/li>\n\n\n\n<li>Bus  850, Haltestelle Ru\u00dfbergstra\u00dfe, Fu\u00dfweg 8 Minuten<\/li>\n<\/ul>\n\n\n\n<h3 class=\"wp-block-heading\">Anreise mit dem Auto<\/h3>\n\n\n\n<p>Es gibt ausreichend Parkpl\u00e4tze in unmittelbarer N\u00e4he. Zu beachten ist die fl\u00e4chendeckende Kurzparkzone des 21. Bezirks.<\/p>\n","protected":false},"excerpt":{"rendered":"<p>M\u00fchlweg 13\/6 | 1. Stock 1210 Wien \u00d6ffentliche Erreichbarkeit Anreise mit dem Auto Es gibt ausreichend Parkpl\u00e4tze in unmittelbarer N\u00e4he. Zu beachten ist die fl\u00e4chendeckende Kurzparkzone des 21. Bezirks.<\/p>\n","protected":false},"author":1,"featured_media":0,"parent":0,"menu_order":0,"comment_status":"closed","ping_status":"closed","template":"","meta":{"footnotes":""},"class_list":["post-33","page","type-page","status-publish","hentry"],"_links":{"self":[{"href":"https:\/\/www.xn--praxis-mhlweg-3ob.at\/index.php\/wp-json\/wp\/v2\/pages\/33","targetHints":{"allow":["GET"]}}],"collection":[{"href":"https:\/\/www.xn--praxis-mhlweg-3ob.at\/index.php\/wp-json\/wp\/v2\/pages"}],"about":[{"href":"https:\/\/www.xn--praxis-mhlweg-3ob.at\/index.php\/wp-json\/wp\/v2\/types\/page"}],"author":[{"embeddable":true,"href":"https:\/\/www.xn--praxis-mhlweg-3ob.at\/index.php\/wp-json\/wp\/v2\/users\/1"}],"replies":[{"embeddable":true,"href":"https:\/\/www.xn--praxis-mhlweg-3ob.at\/index.php\/wp-json\/wp\/v2\/comments?post=33"}],"version-history":[{"count":10,"href":"https:\/\/www.xn--praxis-mhlweg-3ob.at\/index.php\/wp-json\/wp\/v2\/pages\/33\/revisions"}],"predecessor-version":[{"id":176,"href":"https:\/\/www.xn--praxis-mhlweg-3ob.at\/index.php\/wp-json\/wp\/v2\/pages\/33\/revisions\/176"}],"wp:attachment":[{"href":"https:\/\/www.xn--praxis-mhlweg-3ob.at\/index.php\/wp-json\/wp\/v2\/media?parent=33"}],"curies":[{"name":"wp","href":"https:\/\/api.w.org\/{rel}","templated":true}]}}