{"id":3,"date":"2025-02-21T07:31:30","date_gmt":"2025-02-21T07:31:30","guid":{"rendered":"https:\/\/www.xn--praxis-mhlweg-3ob.at\/?page_id=3"},"modified":"2025-02-21T10:12:20","modified_gmt":"2025-02-21T09:12:20","slug":"privacy-policy","status":"publish","type":"page","link":"https:\/\/www.xn--praxis-mhlweg-3ob.at\/index.php\/privacy-policy\/","title":{"rendered":"Impressum und Datenschutzerkl\u00e4rung"},"content":{"rendered":"\n<h2 class=\"wp-block-heading\">1. Verantwortlicher und Kontaktdaten<\/h2>\n\n\n\n<p>Verantwortlicher f\u00fcr die Datenverarbeitung gem\u00e4\u00df Datenschutzgrundverordung (DSGVO) ist:<\/p>\n\n\n\n<p><strong>Mag. Evelyn Hebort<\/strong><\/p>\n\n\n\n<p>Bahngasse 12 | Top 1<br>2103 Langenzersdorf<br>\u00d6sterreich<\/p>\n\n\n\n<p>Der Schutz Ihrer Daten ist mir besonders wichtig. Ich bin f\u00fcr Sie unter den unten angef\u00fchrten Kontaktdaten jederzeit f\u00fcr Ihre Fragen oder Ihren Widerruf erreichbar.<\/p>\n\n\n\n<p>E-Mail: <a href=\"mailto:praxis@evelyn-hebort.at\">praxis@evelyn-hebort.at<\/a><br>Telefon: 0680\/23 23 489<\/p>\n\n\n\n<h4 class=\"wp-block-heading\">2. Personenbezogene Daten und deren Verwendung<\/h4>\n\n\n\n<p>Sofern Sie mir personenbezogene Daten zur Verf\u00fcgung gestellt haben, nutze ich diese nur zu den mit Ihnen vereinbarten Zwecken oder wenn eine sonstige rechtliche Grundlage im Einklang mit der DSGVO vorliegt; dies unter Einhaltung der datenschutz- und zivilrechtlichen Bestimmungen.<\/p>\n\n\n\n<p>Es werden nur solche personenbezogenen Daten erhoben, die f\u00fcr die Durchf\u00fchrung und Abwicklung meiner Leistungen erforderlich sind oder die Sie mir freiwillig zur Verf\u00fcgung gestellt haben.<\/p>\n\n\n\n<p>Ich werde die mir zur Verf\u00fcgung gestellten Daten nicht f\u00fcr andere Zwecke als die durch Vertrag oder durch Ihre Einwilligung oder sonst durch eine Bestimmung im Einklang mit der DSGVO gedeckten Zwecken verarbeiten.<\/p>\n\n\n\n<h4 class=\"wp-block-heading\">3. Auskunft und L\u00f6schung<\/h4>\n\n\n\n<p>Als Betroffene haben Sie jederzeit das Recht auf Auskunft \u00fcber Ihre gespeicherten personenbezogenen Daten, deren Herkunft und Empf\u00e4nger und den Zweck der Datenverarbeitung sowie ein Recht auf Berichtigung, Daten\u00fcbertragung, Widerspruch, Einschr\u00e4nkung der Bearbeitung sowie Sperrung oder L\u00f6schung unrichtiger bzw. unzul\u00e4ssig verarbeiteter Daten.<\/p>\n\n\n\n<p>Insoweit sich \u00c4nderungen Ihrer pers\u00f6nlichen Daten ergeben, ersuche ich um entsprechende Mitteilung.<\/p>\n\n\n\n<p>Sie haben jederzeit das Recht, eine erteilte Einwilligung zur Nutzung Ihrer personenbezogenen Daten zu widerrufen. Ihre Eingabe auf Auskunft, L\u00f6schung, Berichtigung, Widerspruch und\/oder Daten\u00fcbertragung, im letztgenannten Fall, sofern damit nicht ein unverh\u00e4ltnism\u00e4\u00dfiger Aufwand verursacht wird, kann an unsere Adresse gerichtet werden.<\/p>\n\n\n\n<p>Wenn Sie der Auffassung sind, dass die Verarbeitung Ihrer personenbezogenen Daten durch mich gegen das geltende Datenschutzrecht verst\u00f6\u00dft oder Ihre datenschutzrechtlichen Anspr\u00fcche in einer anderen Weise verletzt worden sind, besteht die M\u00f6glichkeit, sich bei der zust\u00e4ndigen Aufsichtsbeh\u00f6rde zu beschweren. In \u00d6sterreich zust\u00e4ndig ist hierf\u00fcr die Datenschutzbeh\u00f6rde.<\/p>\n\n\n\n<h4 class=\"wp-block-heading\">4. Datensicherheit<\/h4>\n\n\n\n<p>Der Schutz Ihrer personenbezogenen Daten erfolgt durch entsprechende organisatorische und technische Vorkehrungen. Diese Vorkehrungen betreffen insbesondere den Schutz vor unerlaubtem, rechtswidrigem oder auch zuf\u00e4lligem Zugriff, Verarbeitung, Verlust, Verwendung und Manipulation.<\/p>\n\n\n\n<p>Ungeachtet der Bem\u00fchungen der Einhaltung eines stets angemessen hohen Standes der Sorgfaltsanforderungen kann nicht ausgeschlossen werden, dass Informationen, die Sie mir \u00fcber das Internet bekannt geben, von anderen Personen eingesehen und genutzt werden.<\/p>\n\n\n\n<p>Bitte beachten Sie, dass ich daher keine wie immer geartete Haftung f\u00fcr die Offenlegung von Informationen aufgrund nicht von mir verursachter Fehler bei der Daten\u00fcbertragung und\/oder unautorisiertem Zugriff durch Dritte \u00fcbernehme (zB Hackangriff auf Email-Account bzw. Telefon, Abfangen von Faxen).<\/p>\n\n\n\n<h4 class=\"wp-block-heading\">5. Cookies und Webanalyse<\/h4>\n\n\n\n<p>Wir verwenden auf unserer Website weder Cookies noch Techniken der personenbezogenen Webanalyse (Tracking).<\/p>\n\n\n\n<h4 class=\"wp-block-heading\">6. Server-Log-Files<\/h4>\n\n\n\n<p>Zur Optimierung der Website in Bezug auf die Systemperformance, Benutzerfreundlichkeit und Bereitstellung von n\u00fctzlichen Informationen erhebt und speichert der Provider der Website automatisch Informationen in sogenannten Server-Log-Files, die Ihr Browser automatisch an mich \u00fcbermittelt. Davon umfasst sind Ihre IP-Adresse, Browser- und Spracheinstellung, Betriebssystem, Referrer-URL, Internet-Service-Provider und Datum sowie Uhrzeit. Eine Zusammenf\u00fchrung dieser Daten mit personenbezogenen Datenquellen wird von mir nicht vorgenommen. Ich behalten mir vor, die Daten nachtr\u00e4glich zu pr\u00fcfen, wenn konkrete Anhaltspunkte f\u00fcr eine rechtswidrige Nutzung bekannt werden.<\/p>\n\n\n\n<h4 class=\"wp-block-heading\">7. \u00dcbermittlung von Daten an Dritte<\/h4>\n\n\n\n<p>Eine Weiterleitung Ihrer Daten erfolgt ausschlie\u00dflich auf Grundlage der DSGVO, insbesondere zur Erf\u00fcllung Ihres Auftrags oder aufgrund Ihrer vorherigen Einwilligung.<\/p>\n\n\n\n<p>Grunds\u00e4tzlich gebe ich keine Daten an Dritte weiter, au\u00dfer es ergeben sich Verpflichtungen und Notwendigkeiten, die sich aus unserer Gesch\u00e4ftsbeziehung ergeben k\u00f6nnen (z.B.: Rechnungslegung, Buchhaltung).<\/p>\n\n\n\n<h4 class=\"wp-block-heading\">8. Bekanntgabe von Datenpannen<\/h4>\n\n\n\n<p>Ich bin bem\u00fcht sicherzustellen, dass Datenpannen fr\u00fchzeitig erkannt und gegebenenfalls unverz\u00fcglich Ihnen bzw. der zust\u00e4ndigen Aufsichtsbeh\u00f6rde unter Einbezug der jeweiligen Datenkategorien, die betroffen sind, gemeldet werden.<\/p>\n\n\n\n<h4 class=\"wp-block-heading\">9. Aufbewahrung der Daten<\/h4>\n\n\n\n<p>Ich bewahre Daten nicht l\u00e4nger auf als dies zur Erf\u00fcllung unserer vertraglichen bzw. gesetzlichen Verpflichtungen und zur Abwehr allf\u00e4lliger Haftungsanspr\u00fcche erforderlich ist.<\/p>\n\n\n\n<h4 class=\"wp-block-heading\">10. OpenStreetMap<\/h4>\n\n\n\n<p>Auf unserer Webseite wird der Kartendienst OpenSteetMap verwendet um Kartenausschnitte anzuzeigen. Um dies zu erm\u00f6glichen wird Ihre IP-Adresse an den OpenStreetMap weitergeleitet. Die Datenschutzerkl\u00e4rung der OpenStreetMap Foundation einzusehen folgen Sie bitte diesem Link: <a href=\"https:\/\/wiki.osmfoundation.org\/wiki\/Privacy_Policy\">https:\/\/wiki.osmfoundation.org\/wiki\/Privacy_Policy<\/a>.<\/p>\n","protected":false},"excerpt":{"rendered":"<p>1. Verantwortlicher und Kontaktdaten Verantwortlicher f\u00fcr die Datenverarbeitung gem\u00e4\u00df Datenschutzgrundverordung (DSGVO) ist: Mag. Evelyn Hebort Bahngasse 12 | Top 12103 Langenzersdorf\u00d6sterreich Der Schutz Ihrer Daten ist mir besonders wichtig. Ich bin f\u00fcr Sie unter den unten angef\u00fchrten Kontaktdaten jederzeit f\u00fcr Ihre Fragen oder Ihren Widerruf erreichbar. E-Mail: praxis@evelyn-hebort.atTelefon: 0680\/23 23 489 2. Personenbezogene Daten und [&hellip;]<\/p>\n","protected":false},"author":1,"featured_media":0,"parent":0,"menu_order":0,"comment_status":"closed","ping_status":"open","template":"","meta":{"footnotes":""},"class_list":["post-3","page","type-page","status-publish","hentry"],"_links":{"self":[{"href":"https:\/\/www.xn--praxis-mhlweg-3ob.at\/index.php\/wp-json\/wp\/v2\/pages\/3","targetHints":{"allow":["GET"]}}],"collection":[{"href":"https:\/\/www.xn--praxis-mhlweg-3ob.at\/index.php\/wp-json\/wp\/v2\/pages"}],"about":[{"href":"https:\/\/www.xn--praxis-mhlweg-3ob.at\/index.php\/wp-json\/wp\/v2\/types\/page"}],"author":[{"embeddable":true,"href":"https:\/\/www.xn--praxis-mhlweg-3ob.at\/index.php\/wp-json\/wp\/v2\/users\/1"}],"replies":[{"embeddable":true,"href":"https:\/\/www.xn--praxis-mhlweg-3ob.at\/index.php\/wp-json\/wp\/v2\/comments?post=3"}],"version-history":[{"count":1,"href":"https:\/\/www.xn--praxis-mhlweg-3ob.at\/index.php\/wp-json\/wp\/v2\/pages\/3\/revisions"}],"predecessor-version":[{"id":23,"href":"https:\/\/www.xn--praxis-mhlweg-3ob.at\/index.php\/wp-json\/wp\/v2\/pages\/3\/revisions\/23"}],"wp:attachment":[{"href":"https:\/\/www.xn--praxis-mhlweg-3ob.at\/index.php\/wp-json\/wp\/v2\/media?parent=3"}],"curies":[{"name":"wp","href":"https:\/\/api.w.org\/{rel}","templated":true}]}}