{"id":19,"date":"2025-02-21T10:04:14","date_gmt":"2025-02-21T09:04:14","guid":{"rendered":"https:\/\/www.xn--praxis-mhlweg-3ob.at\/?page_id=19"},"modified":"2025-12-10T12:48:23","modified_gmt":"2025-12-10T11:48:23","slug":"team","status":"publish","type":"page","link":"https:\/\/www.xn--praxis-mhlweg-3ob.at\/index.php\/team\/","title":{"rendered":"Team"},"content":{"rendered":"\n<h2 class=\"wp-block-heading\">Mag.<sup>a<\/sup> Evelyn Hebort<\/h2>\n\n\n\n<div class=\"wp-block-columns is-layout-flex wp-container-core-columns-is-layout-28f84493 wp-block-columns-is-layout-flex\">\n<div class=\"wp-block-column is-layout-flow wp-block-column-is-layout-flow\" style=\"flex-basis:30%\">\n<figure class=\"wp-block-image size-full is-resized has-custom-border is-style-rounded\"><img loading=\"lazy\" decoding=\"async\" width=\"1024\" height=\"1531\" src=\"https:\/\/www.xn--praxis-mhlweg-3ob.at\/wp-content\/uploads\/2025\/12\/Evi-scaled-1.jpg\" alt=\"\" class=\"wp-image-161\" style=\"border-top-left-radius:10px;border-top-right-radius:10px;border-bottom-left-radius:10px;border-bottom-right-radius:10px;width:200px\" srcset=\"https:\/\/www.xn--praxis-mhlweg-3ob.at\/wp-content\/uploads\/2025\/12\/Evi-scaled-1.jpg 1024w, https:\/\/www.xn--praxis-mhlweg-3ob.at\/wp-content\/uploads\/2025\/12\/Evi-scaled-1-201x300.jpg 201w, https:\/\/www.xn--praxis-mhlweg-3ob.at\/wp-content\/uploads\/2025\/12\/Evi-scaled-1-685x1024.jpg 685w, https:\/\/www.xn--praxis-mhlweg-3ob.at\/wp-content\/uploads\/2025\/12\/Evi-scaled-1-768x1148.jpg 768w\" sizes=\"auto, (max-width: 1024px) 100vw, 1024px\" \/><\/figure>\n<\/div>\n\n\n\n<div class=\"wp-block-column is-layout-flow wp-block-column-is-layout-flow\" style=\"flex-basis:70%\">\n<p class=\"has-medium-font-size\">Klinische und Gesundheitspsychologin<br><br>Wahlpsychologin f\u00fcr Kinder und Jugendliche<br><br>Psychotherapeutin in Ausbildung unter Supervision (Psychoanalytisch Psychodynamische Therapie I Katathym Imaginative Psychotherapie)<\/p>\n<\/div>\n<\/div>\n\n\n\n<h3 class=\"wp-block-heading\">Angebot<\/h3>\n\n\n\n<ul class=\"wp-block-list\">\n<li class=\"has-medium-font-size\">Klinisch psychologische Diagnostik f\u00fcr Kinder und Jugendliche<\/li>\n\n\n\n<li class=\"has-medium-font-size\">Psychotherapie f\u00fcr Kinder, Jugendliche und Erwachsene<\/li>\n<\/ul>\n\n\n\n<p class=\"has-medium-font-size\"><a href=\"https:\/\/www.xn--praxis-mhlweg-3ob.at\/index.php\/angebot\/\" data-type=\"page\" data-id=\"30\">Kontakt<\/a><br><a href=\"http:\/\/www.evelyn-hebort.at\" target=\"_blank\" rel=\"noreferrer noopener\">www.evelyn-hebort.at<\/a><\/p>\n\n\n\n<div class=\"wp-block-group is-nowrap is-layout-flex wp-container-core-group-is-layout-6c531013 wp-block-group-is-layout-flex\"><\/div>\n\n\n\n<h2 class=\"wp-block-heading\">Dr.<sup>in<\/sup> med. univ. Johanna Hofkirchner<\/h2>\n\n\n\n<div class=\"wp-block-columns is-layout-flex wp-container-core-columns-is-layout-28f84493 wp-block-columns-is-layout-flex\">\n<div class=\"wp-block-column is-layout-flow wp-block-column-is-layout-flow\" style=\"flex-basis:30%\">\n<figure class=\"wp-block-image size-large is-resized has-custom-border is-style-rounded\"><img loading=\"lazy\" decoding=\"async\" width=\"684\" height=\"1024\" src=\"https:\/\/www.xn--praxis-mhlweg-3ob.at\/wp-content\/uploads\/2025\/12\/Johanna-scaled-1-684x1024.jpg\" alt=\"\" class=\"wp-image-162\" style=\"border-top-left-radius:10px;border-top-right-radius:10px;border-bottom-left-radius:10px;border-bottom-right-radius:10px;width:200px\" srcset=\"https:\/\/www.xn--praxis-mhlweg-3ob.at\/wp-content\/uploads\/2025\/12\/Johanna-scaled-1-684x1024.jpg 684w, https:\/\/www.xn--praxis-mhlweg-3ob.at\/wp-content\/uploads\/2025\/12\/Johanna-scaled-1-200x300.jpg 200w, https:\/\/www.xn--praxis-mhlweg-3ob.at\/wp-content\/uploads\/2025\/12\/Johanna-scaled-1-768x1150.jpg 768w, https:\/\/www.xn--praxis-mhlweg-3ob.at\/wp-content\/uploads\/2025\/12\/Johanna-scaled-1.jpg 1024w\" sizes=\"auto, (max-width: 684px) 100vw, 684px\" \/><\/figure>\n<\/div>\n\n\n\n<div class=\"wp-block-column is-layout-flow wp-block-column-is-layout-flow\" style=\"flex-basis:70%\">\n<p class=\"has-medium-font-size\">Fach\u00e4rztin f\u00fcr Kinder- und Jugendpsychiatrie und Psychotherapeutische Medizin (Psychoanalytisch orientierte Psychotherapie)<br><br>Wahl\u00e4rztin<\/p>\n<\/div>\n<\/div>\n\n\n\n<h3 class=\"wp-block-heading\">Angebot<\/h3>\n\n\n\n<ul class=\"wp-block-list\">\n<li class=\"has-medium-font-size\">Kinder- und Jugendpsychiatrie<\/li>\n\n\n\n<li class=\"has-medium-font-size\">Psychotherapie f\u00fcr Kinder und Jugendliche<\/li>\n<\/ul>\n\n\n\n<p class=\"has-medium-font-size\"><a href=\"https:\/\/www.xn--praxis-mhlweg-3ob.at\/index.php\/angebot\/\" data-type=\"page\" data-id=\"30\">Kontakt<\/a><br><a href=\"http:\/\/www.hofkirchner.at\" target=\"_blank\" rel=\"noreferrer noopener\">www.hofkirchner.at<\/a><\/p>\n\n\n\n<div class=\"wp-block-group is-nowrap is-layout-flex wp-container-core-group-is-layout-6c531013 wp-block-group-is-layout-flex\"><\/div>\n\n\n\n<h2 class=\"wp-block-heading\">Caroline Stewart<\/h2>\n\n\n\n<div class=\"wp-block-columns is-layout-flex wp-container-core-columns-is-layout-28f84493 wp-block-columns-is-layout-flex\">\n<div class=\"wp-block-column is-layout-flow wp-block-column-is-layout-flow\" style=\"flex-basis:30%\">\n<figure class=\"wp-block-image size-full is-resized has-custom-border is-style-rounded\"><img loading=\"lazy\" decoding=\"async\" width=\"1024\" height=\"1533\" src=\"https:\/\/www.xn--praxis-mhlweg-3ob.at\/wp-content\/uploads\/2025\/12\/Caro-Scaled.jpg\" alt=\"\" class=\"wp-image-163\" style=\"border-top-left-radius:10px;border-top-right-radius:10px;border-bottom-left-radius:10px;border-bottom-right-radius:10px;width:200px\" srcset=\"https:\/\/www.xn--praxis-mhlweg-3ob.at\/wp-content\/uploads\/2025\/12\/Caro-Scaled.jpg 1024w, https:\/\/www.xn--praxis-mhlweg-3ob.at\/wp-content\/uploads\/2025\/12\/Caro-Scaled-200x300.jpg 200w, https:\/\/www.xn--praxis-mhlweg-3ob.at\/wp-content\/uploads\/2025\/12\/Caro-Scaled-684x1024.jpg 684w, https:\/\/www.xn--praxis-mhlweg-3ob.at\/wp-content\/uploads\/2025\/12\/Caro-Scaled-768x1150.jpg 768w\" sizes=\"auto, (max-width: 1024px) 100vw, 1024px\" \/><\/figure>\n<\/div>\n\n\n\n<div class=\"wp-block-column is-layout-flow wp-block-column-is-layout-flow\" style=\"flex-basis:70%\">\n<p class=\"has-medium-font-size\">Dipl. Sozialp\u00e4dagogin<br><br>Psychotherapeutin (Systemische Therapie)<\/p>\n<\/div>\n<\/div>\n\n\n\n<h3 class=\"wp-block-heading\">Angebot<\/h3>\n\n\n\n<ul class=\"wp-block-list\">\n<li class=\"has-medium-font-size\">Systemische Familientherapie<\/li>\n\n\n\n<li class=\"has-medium-font-size\">Paartherapie<\/li>\n\n\n\n<li class=\"has-medium-font-size\">Einzeltherapie<\/li>\n\n\n\n<li class=\"has-medium-font-size\">Erziehungsberatung<\/li>\n<\/ul>\n\n\n\n<p class=\"has-medium-font-size\"><a href=\"https:\/\/www.xn--praxis-mhlweg-3ob.at\/index.php\/angebot\/\" data-type=\"page\" data-id=\"30\">Kontakt<\/a><br><a href=\"http:\/\/www.psychotherapie-stewart.com\" target=\"_blank\" rel=\"noreferrer noopener\">www.psychotherapie-stewart.com<\/a><\/p>\n\n\n\n<p><\/p>\n","protected":false},"excerpt":{"rendered":"<p>Mag.a Evelyn Hebort Klinische und Gesundheitspsychologin Wahlpsychologin f\u00fcr Kinder und Jugendliche Psychotherapeutin in Ausbildung unter Supervision (Psychoanalytisch Psychodynamische Therapie I Katathym Imaginative Psychotherapie) Angebot Kontaktwww.evelyn-hebort.at Dr.in med. univ. Johanna Hofkirchner Fach\u00e4rztin f\u00fcr Kinder- und Jugendpsychiatrie und Psychotherapeutische Medizin (Psychoanalytisch orientierte Psychotherapie) Wahl\u00e4rztin Angebot Kontaktwww.hofkirchner.at Caroline Stewart Dipl. Sozialp\u00e4dagogin Psychotherapeutin (Systemische Therapie) Angebot Kontaktwww.psychotherapie-stewart.com<\/p>\n","protected":false},"author":1,"featured_media":0,"parent":0,"menu_order":0,"comment_status":"closed","ping_status":"closed","template":"","meta":{"footnotes":""},"class_list":["post-19","page","type-page","status-publish","hentry"],"_links":{"self":[{"href":"https:\/\/www.xn--praxis-mhlweg-3ob.at\/index.php\/wp-json\/wp\/v2\/pages\/19","targetHints":{"allow":["GET"]}}],"collection":[{"href":"https:\/\/www.xn--praxis-mhlweg-3ob.at\/index.php\/wp-json\/wp\/v2\/pages"}],"about":[{"href":"https:\/\/www.xn--praxis-mhlweg-3ob.at\/index.php\/wp-json\/wp\/v2\/types\/page"}],"author":[{"embeddable":true,"href":"https:\/\/www.xn--praxis-mhlweg-3ob.at\/index.php\/wp-json\/wp\/v2\/users\/1"}],"replies":[{"embeddable":true,"href":"https:\/\/www.xn--praxis-mhlweg-3ob.at\/index.php\/wp-json\/wp\/v2\/comments?post=19"}],"version-history":[{"count":21,"href":"https:\/\/www.xn--praxis-mhlweg-3ob.at\/index.php\/wp-json\/wp\/v2\/pages\/19\/revisions"}],"predecessor-version":[{"id":172,"href":"https:\/\/www.xn--praxis-mhlweg-3ob.at\/index.php\/wp-json\/wp\/v2\/pages\/19\/revisions\/172"}],"wp:attachment":[{"href":"https:\/\/www.xn--praxis-mhlweg-3ob.at\/index.php\/wp-json\/wp\/v2\/media?parent=19"}],"curies":[{"name":"wp","href":"https:\/\/api.w.org\/{rel}","templated":true}]}}